{"id":12,"date":"2022-12-22T18:34:53","date_gmt":"2022-12-22T17:34:53","guid":{"rendered":"http:\/\/spolokpreobnovudediny.sk\/?page_id=12"},"modified":"2022-12-22T19:08:39","modified_gmt":"2022-12-22T18:08:39","slug":"spod","status":"publish","type":"page","link":"https:\/\/spolokpreobnovudediny.sk\/","title":{"rendered":"SPOD"},"content":{"rendered":"\n<div class=\"wp-block-image\"><figure class=\"aligncenter size-full\"><img loading=\"lazy\" width=\"181\" height=\"182\" src=\"http:\/\/spolokpreobnovudediny.sk\/wp-content\/uploads\/2022\/12\/logo_male.png\" alt=\"\" class=\"wp-image-37\" srcset=\"https:\/\/spolokpreobnovudediny.sk\/wp-content\/uploads\/2022\/12\/logo_male.png 181w, https:\/\/spolokpreobnovudediny.sk\/wp-content\/uploads\/2022\/12\/logo_male-150x150.png 150w\" sizes=\"(max-width: 181px) 100vw, 181px\" \/><\/figure><\/div>\n\n\n\n<h2 class=\"has-text-align-center\"><span style=\"color:#1682c0\" class=\"has-inline-color\">Spolok pre obnovu dediny (SPOD)<\/span><\/h2>\n\n\n\n<p class=\"has-text-align-center\">Kto sme :<strong>Spolok pre obnovu dediny je ob\u010dianske zdru\u017eenie fyzick\u00fdch a&nbsp;pr\u00e1vnick\u00fdch os\u00f4b<\/strong><\/p>\n\n\n\n<p class=\"has-text-align-center has-black-color has-text-color\">&nbsp;&nbsp;&nbsp;&nbsp;Bol&nbsp;&nbsp;zalo\u017een\u00fd vroku 2000 registrovan\u00fd Ministerstvom vn\u00fatra Slovenskej republiky&nbsp;&nbsp;\u010d.J. VVS\/1-900\/90-17431-1,2,3<\/p>\n\n\n\n<div class=\"wp-block-image\"><figure class=\"aligncenter size-full\"><img loading=\"lazy\" width=\"271\" height=\"880\" src=\"http:\/\/spolokpreobnovudediny.sk\/wp-content\/uploads\/2022\/12\/spodZalozenie.jpg\" alt=\"\" class=\"wp-image-39\" srcset=\"https:\/\/spolokpreobnovudediny.sk\/wp-content\/uploads\/2022\/12\/spodZalozenie.jpg 271w, https:\/\/spolokpreobnovudediny.sk\/wp-content\/uploads\/2022\/12\/spodZalozenie-92x300.jpg 92w\" sizes=\"(max-width: 271px) 100vw, 271px\" \/><\/figure><\/div>\n","protected":false},"excerpt":{"rendered":"<p>Spolok pre obnovu dediny (SPOD) Kto sme :Spolok pre obnovu dediny je ob\u010dianske zdru\u017eenie fyzick\u00fdch a&nbsp;pr\u00e1vnick\u00fdch os\u00f4b &nbsp;&nbsp;&nbsp;&nbsp;Bol&nbsp;&nbsp;zalo\u017een\u00fd vroku 2000 registrovan\u00fd Ministerstvom vn\u00fatra Slovenskej republiky&nbsp;&nbsp;\u010d.J. VVS\/1-900\/90-17431-1,2,3<\/p>\n","protected":false},"author":1,"featured_media":0,"parent":0,"menu_order":0,"comment_status":"closed","ping_status":"closed","template":"","meta":{"_mi_skip_tracking":false},"_links":{"self":[{"href":"https:\/\/spolokpreobnovudediny.sk\/index.php?rest_route=\/wp\/v2\/pages\/12"}],"collection":[{"href":"https:\/\/spolokpreobnovudediny.sk\/index.php?rest_route=\/wp\/v2\/pages"}],"about":[{"href":"https:\/\/spolokpreobnovudediny.sk\/index.php?rest_route=\/wp\/v2\/types\/page"}],"author":[{"embeddable":true,"href":"https:\/\/spolokpreobnovudediny.sk\/index.php?rest_route=\/wp\/v2\/users\/1"}],"replies":[{"embeddable":true,"href":"https:\/\/spolokpreobnovudediny.sk\/index.php?rest_route=%2Fwp%2Fv2%2Fcomments&post=12"}],"version-history":[{"count":6,"href":"https:\/\/spolokpreobnovudediny.sk\/index.php?rest_route=\/wp\/v2\/pages\/12\/revisions"}],"predecessor-version":[{"id":57,"href":"https:\/\/spolokpreobnovudediny.sk\/index.php?rest_route=\/wp\/v2\/pages\/12\/revisions\/57"}],"wp:attachment":[{"href":"https:\/\/spolokpreobnovudediny.sk\/index.php?rest_route=%2Fwp%2Fv2%2Fmedia&parent=12"}],"curies":[{"name":"wp","href":"https:\/\/api.w.org\/{rel}","templated":true}]}}