{"id":14,"date":"2022-12-22T18:34:53","date_gmt":"2022-12-22T17:34:53","guid":{"rendered":"http:\/\/spolokpreobnovudediny.sk\/?page_id=14"},"modified":"2025-03-16T12:53:43","modified_gmt":"2025-03-16T11:53:43","slug":"dokumenty","status":"publish","type":"page","link":"https:\/\/spolokpreobnovudediny.sk\/?page_id=14","title":{"rendered":"DOKUMENTY"},"content":{"rendered":"\n<div class=\"wp-block-file\"><object class=\"wp-block-file__embed\" data=\"https:\/\/d.r5.wbsprt.com\/spolokpreobnovudediny.sk\/wp-content\/uploads\/2025\/03\/Vyhlasenie2024.pdf\" type=\"application\/pdf\" style=\"width:100%;height:1213px\" aria-label=\"Vlo\u017ei\u0165 Vyhlasenie2024.\"><\/object><a href=\"https:\/\/d.r5.wbsprt.com\/spolokpreobnovudediny.sk\/wp-content\/uploads\/2025\/03\/Vyhlasenie2024.pdf\">Vyhlasenie2024<\/a><a href=\"https:\/\/d.r5.wbsprt.com\/spolokpreobnovudediny.sk\/wp-content\/uploads\/2025\/03\/Vyhlasenie2024.pdf\" class=\"wp-block-file__button\" download>Stiahnu\u0165<\/a><\/div>\n\n\n\n<div class=\"wp-block-file\"><a href=\"https:\/\/d.r5.wbsprt.com\/spolokpreobnovudediny.sk\/wp-content\/uploads\/2025\/03\/SEKCIA-VEREJNEJ-SPRAVY-MV-SR-1.doc\">SEKCIA-VEREJNEJ-SPRAVY-MV-SR-1<\/a><a href=\"https:\/\/d.r5.wbsprt.com\/spolokpreobnovudediny.sk\/wp-content\/uploads\/2025\/03\/SEKCIA-VEREJNEJ-SPRAVY-MV-SR-1.doc\" class=\"wp-block-file__button\" download>Stiahnu\u0165<\/a><\/div>\n\n\n\n<div class=\"wp-block-group alignfull\"><div class=\"wp-block-group__inner-container\">\n<div class=\"wp-block-columns\">\n<div class=\"wp-block-column\" style=\"flex-basis:100%\">\n<div class=\"wp-block-group\"><div class=\"wp-block-group__inner-container\">\n<div class=\"wp-block-buttons alignfull is-content-justification-center\">\n<div class=\"wp-block-button is-style-fill\"><a class=\"wp-block-button__link has-white-color has-light-green-cyan-background-color has-text-color has-background\" href=\"http:\/\/spolokpreobnovudediny.sk\/wp-content\/uploads\/2022\/12\/zapisnica2016.pdf\" target=\"_blank\" rel=\"noreferrer noopener\"><span class=\"has-inline-color has-white-color\">&nbsp;Z\u00e1pisnica z ustanovuj\u00facej sch\u00f4dze v roku 2016 &#8211; PDF<\/span><\/a><\/div>\n\n\n\n<div class=\"wp-block-button\"><a class=\"wp-block-button__link has-light-green-cyan-background-color has-background\" href=\"http:\/\/spolokpreobnovudediny.sk\/wp-content\/uploads\/2022\/12\/zapisnica_velicna.pdf\" target=\"_blank\" rel=\"noreferrer noopener\"><strong>Z\u00e1pisnica z Valn\u00e9ho zhroma\u017edenia Spolku pre obnovu dediny konan\u00e9ho d\u0148a 10.05.2018 vo Veli\u010dnej &#8211; PDF<\/strong><\/a><\/div>\n\n\n\n<div class=\"wp-block-button\"><a class=\"wp-block-button__link has-white-color has-light-green-cyan-background-color has-text-color has-background\" href=\"http:\/\/spolokpreobnovudediny.sk\/wp-content\/uploads\/2022\/12\/zapisnica_helpa.pdf\" target=\"_blank\" rel=\"noreferrer noopener\"><strong>Z\u00e1pis z rokovania novozvolen\u00e9ho Predsedn\u00edctva a RK Spolku pre obnovu dediny, konan\u00e9ho d\u0148a 29.5.2018 na Obecnom \u00farade v He\u013epe. &#8211; PDF<\/strong><\/a><\/div>\n\n\n\n<div class=\"wp-block-button\"><a class=\"wp-block-button__link has-light-green-cyan-background-color has-background\" href=\"http:\/\/spolokpreobnovudediny.sk\/wp-content\/uploads\/2022\/12\/2_spod.pdf\" target=\"_blank\" rel=\"noreferrer noopener\">&nbsp;<strong>2 percent\u00e1 dane &#8211; PDF predvyplnen\u00fd formul\u00e1r<\/strong>&nbsp;<\/a><\/div>\n\n\n\n<div class=\"wp-block-button\"><a class=\"wp-block-button__link has-light-green-cyan-background-color has-background\" href=\"http:\/\/spolokpreobnovudediny.sk\/wp-content\/uploads\/2022\/12\/spodPrihlaska.jpg\" target=\"_blank\" rel=\"noreferrer noopener\">&nbsp;&nbsp;<strong>Prihl\u00e1\u0161ka<\/strong><\/a><\/div>\n\n\n\n<div class=\"wp-block-button\"><a class=\"wp-block-button__link has-light-green-cyan-background-color has-background\" href=\"http:\/\/spolokpreobnovudediny.sk\/wp-content\/uploads\/2022\/12\/progZamer1.jpg\" target=\"_blank\" rel=\"noreferrer noopener\"><strong>Koncepcie, pl\u00e1ny a realiz\u00e1cie &#8211; Programov\u00e9 zameranie SPOD v aktu\u00e1lnom obdob\u00ed &#8211; strana 1<\/strong><\/a><\/div>\n\n\n\n<div class=\"wp-block-button\"><a class=\"wp-block-button__link has-light-green-cyan-background-color has-background\" href=\"http:\/\/spolokpreobnovudediny.sk\/wp-content\/uploads\/2022\/12\/progZamer2.jpg\" target=\"_blank\" rel=\"noreferrer noopener\"><strong>&nbsp;Programov\u00e9 zameranie SPOD v aktu\u00e1lnom obdob\u00ed &#8211; strana 2<\/strong><\/a><\/div>\n\n\n\n<div class=\"wp-block-button\"><a class=\"wp-block-button__link has-light-green-cyan-background-color has-background\" href=\"http:\/\/spolokpreobnovudediny.sk\/wp-content\/uploads\/2022\/12\/VyrocnaSprava2020.docx\" target=\"_blank\" rel=\"noreferrer noopener\"><strong>Z\u00e1znamy z \u010dinnosti org\u00e1nov SPOD &#8211; v\u00fdro\u010dn\u00e1 spr\u00e1va SPOD za rok 2020 &#8211; DOCX form\u00e1t<\/strong><\/a><\/div>\n\n\n\n<div class=\"wp-block-button\"><a class=\"wp-block-button__link has-light-green-cyan-background-color has-background\" href=\"http:\/\/spolokpreobnovudediny.sk\/wp-content\/uploads\/2022\/12\/VyhlasenieVytvSutaze.docx\" target=\"_blank\" rel=\"noreferrer noopener\">&nbsp;<strong>Pravidl\u00e1 a hodnotenie detskej v\u00fdtvarnej s\u00fa\u0165a\u017ee \u201eMoja dedina ako ju vid\u00edm ja\u201c &#8211; vyhl\u00e1senie s\u00fa\u0165a\u017ee<\/strong>&nbsp;<strong>&#8211; DOCX form\u00e1t<\/strong><\/a><\/div>\n\n\n\n<div class=\"wp-block-button\"><a class=\"wp-block-button__link has-light-green-cyan-background-color has-background\" href=\"http:\/\/spolokpreobnovudediny.sk\/wp-content\/uploads\/2022\/12\/VyhodnotenieVytvSutaze.docx\" target=\"_blank\" rel=\"noreferrer noopener\">&nbsp;<strong>\u201eMoja dedina ako ju vid\u00edm ja\u201c &#8211; vyhodnotenie s\u00fa\u0165a\u017ee&nbsp;<\/strong><strong>&#8211; DOCX form\u00e1t<\/strong><\/a><\/div>\n\n\n\n<div class=\"wp-block-button\"><a class=\"wp-block-button__link has-light-green-cyan-background-color has-background\" href=\"http:\/\/spolokpreobnovudediny.sk\/wp-content\/uploads\/2022\/12\/SpomienkPrejav20.docx\" target=\"_blank\" rel=\"noreferrer noopener\">&nbsp;&nbsp;<strong>D\u00f4le\u017eit\u00e9 m\u00edlniky Spolku &#8211; Spomienkov\u00fd prejav na v\u00e1lnom zhroma\u017eden\u00ed k 20. V\u00fdro\u010diu zalo\u017eenia Spolku pre obnovu dediny vo Sv.Antone 9. Septembra 2020&nbsp;<\/strong><strong>&#8211; DOCX form\u00e1t<\/strong><\/a><\/div>\n<\/div>\n<\/div><\/div>\n\n\n\n<div class=\"wp-block-buttons\">\n<div class=\"wp-block-button\"><a class=\"wp-block-button__link has-white-color has-light-green-cyan-background-color has-text-color has-background\" href=\"http:\/\/d.r5.wbsprt.com\/spolokpreobnovudediny.sk\/wp-content\/uploads\/2023\/01\/zapis-Kralovce-Krnisov-1.docx\" target=\"_blank\" rel=\"noreferrer noopener\"><strong>Z\u00e1pisnica zo zasadnutia v obci Kr\u00e1\u013eovce-Krni\u0161ov, 19. 7. 2022<\/strong><\/a><\/div>\n<\/div>\n\n\n\n<p><\/p>\n<\/div>\n<\/div>\n<\/div><\/div>\n\n\n\n<p><\/p>\n","protected":false},"excerpt":{"rendered":"","protected":false},"author":1,"featured_media":0,"parent":0,"menu_order":0,"comment_status":"closed","ping_status":"closed","template":"","meta":{"_mi_skip_tracking":false},"_links":{"self":[{"href":"https:\/\/spolokpreobnovudediny.sk\/index.php?rest_route=\/wp\/v2\/pages\/14"}],"collection":[{"href":"https:\/\/spolokpreobnovudediny.sk\/index.php?rest_route=\/wp\/v2\/pages"}],"about":[{"href":"https:\/\/spolokpreobnovudediny.sk\/index.php?rest_route=\/wp\/v2\/types\/page"}],"author":[{"embeddable":true,"href":"https:\/\/spolokpreobnovudediny.sk\/index.php?rest_route=\/wp\/v2\/users\/1"}],"replies":[{"embeddable":true,"href":"https:\/\/spolokpreobnovudediny.sk\/index.php?rest_route=%2Fwp%2Fv2%2Fcomments&post=14"}],"version-history":[{"count":5,"href":"https:\/\/spolokpreobnovudediny.sk\/index.php?rest_route=\/wp\/v2\/pages\/14\/revisions"}],"predecessor-version":[{"id":254,"href":"https:\/\/spolokpreobnovudediny.sk\/index.php?rest_route=\/wp\/v2\/pages\/14\/revisions\/254"}],"wp:attachment":[{"href":"https:\/\/spolokpreobnovudediny.sk\/index.php?rest_route=%2Fwp%2Fv2%2Fmedia&parent=14"}],"curies":[{"name":"wp","href":"https:\/\/api.w.org\/{rel}","templated":true}]}}