{"id":158,"date":"2023-01-05T21:48:19","date_gmt":"2023-01-05T20:48:19","guid":{"rendered":"http:\/\/d.r5.wbsprt.com\/spolokpreobnovudediny.sk\/?page_id=158"},"modified":"2025-08-14T21:03:31","modified_gmt":"2025-08-14T19:03:31","slug":"ocenenie-tvar-a-dusa-dediny","status":"publish","type":"page","link":"https:\/\/spolokpreobnovudediny.sk\/?page_id=158","title":{"rendered":"Ocenenie &#8222;Tv\u00e1r a du\u0161a dediny&#8220;"},"content":{"rendered":"\n<p class=\"has-text-align-center\"><strong>Spolok pre obnovu dediny<\/strong><\/p>\n\n\n\n<p class=\"has-text-align-center\">pripravuje pre najin\u0161pirat\u00edvnej\u0161ie pr\u00edklady dobrej praxe v obnove s\u00fa\u010dasnej slovenskej dediny<\/p>\n\n\n\n<p class=\"has-text-align-center\"><strong>Ocenenie \u201e<em>Tv\u00e1r a du\u0161a dediny 2025<\/em>\u201c<\/strong><\/p>\n\n\n\n<p>Spolok pre obnovu dediny je celoslovensk\u00e9 neziskov\u00e9 ob\u010dianske zdru\u017eenie, ktor\u00e9ho hlavn\u00fdm poslan\u00edm je zachovanie tv\u00e1re a du\u0161e dediny a skvalitnenie \u017eivota na vidieku.<\/p>\n\n\n\n<p>V r\u00e1mci svojej \u010dinnosti buduje Zoznam zauj\u00edmav\u00fdch a in\u0161pira\u010dn\u00fdch pr\u00edkladov dobrej praxe, ktor\u00e9 smeruj\u00fa k zachovaniu tv\u00e1re a du\u0161e dediny. Premena starej dediny na modern\u00e9 a \u017eiv\u00e9 miesto m\u00f4\u017ee by\u0165 fascinuj\u00faci proces, ktor\u00fd re\u0161pektuje hist\u00f3riu a trad\u00edcie, ale z\u00e1rove\u0148 prin\u00e1\u0161a nov\u00e9 v\u00fdzvy a rie\u0161enia. M\u00f4\u017ee by\u0165 skvelou pr\u00edle\u017eitos\u0165ou na o\u017eivenie miestnej identity, zachovanie \u0161pecif\u00edk regi\u00f3nu a vytvorenie dediny, kde \u013eudia radi a spokojne \u017eij\u00fa.<\/p>\n\n\n\n<p>Pre z\u00edskanie v\u00e4\u010d\u0161ieho po\u010dtu tak\u00fdchto dobr\u00fdch rie\u0161en\u00ed&nbsp; oslovuje vidiecke samospr\u00e1vy, ale aj \u0161irok\u00fa odborn\u00fa \u010di laick\u00fa verejnos\u0165<\/p>\n\n\n\n<p class=\"has-text-align-center\"><strong>o nominovanie in\u0161pirat\u00edvneho projektu\/po\u010dinu\/aktivity\/sp\u00f4sobu\/met\u00f3dy realizovanej na dedine<\/strong><\/p>\n\n\n\n<p>Tak\u00e9to pr\u00edklady dobrej praxe pl\u00e1nuje dokumentova\u0165, propagova\u0165 a tie zauj\u00edmav\u00e9 i podpori\u0165. M\u00f4\u017eu to by\u0165 projekty zo s\u00fa\u010dasnosti realizovan\u00e9 samospr\u00e1vou, s\u00fakromnou \u010di podnikate\u013eskou sf\u00e9rou alebo ob\u010dianskym zdru\u017een\u00edm. Podmienkou je, \u017ee musia by\u0165 verejne pr\u00edstupn\u00e9. Pr\u00edklady spl\u0148uj\u00face krit\u00e9ri\u00e1 bud\u00fa zaraden\u00e9 do Zoznamu pr\u00edkladov dobrej praxe SPOD a tie najin\u0161pirat\u00edvnej\u0161ie bud\u00fa ocenen\u00e9 Lipou pre dedinu a vecn\u00fdm v\u00fdtvarn\u00fdm darom.&nbsp;<\/p>\n\n\n\n<p>Pre tento premi\u00e9rov\u00fd rok 2025, h\u013ead\u00e1 v dedine projekty\/po\u010diny\/aktivity\/sp\u00f4soby\/met\u00f3dy dobrej praxe, v ktor\u00fdch sa uplat\u0148uje nasledovn\u00e9 motto: <strong><em>\u201eZo star\u00e9ho nov\u00e9\u201c<\/em><\/strong>.<\/p>\n\n\n\n<p>Myslia sa t\u00fdm:<\/p>\n\n\n\n<ul><li>konkr\u00e9tne realiz\u00e1cie objektov a priestorov, kedy sa neprist\u00fapilo k zb\u00faraniu &#8211;&nbsp; ale citliv\u00fdm, n\u00e1padit\u00fdm, in\u0161piruj\u00facim sp\u00f4sobom sa realizovala ich obnova, rekon\u0161trukcia, prestavba, adapt\u00e1cia, revitaliz\u00e1cia. D\u00f4le\u017eit\u00e1 je aj funkcia \u2013 \u010di u\u017e p\u00f4vodn\u00e1, alebo nov\u00e1 &#8211; ale tak\u00e1, aby zabezpe\u010dovala \u017eiv\u00e9 vyu\u017e\u00edvanie dan\u00e9ho objektu\/priestoru<\/li><\/ul>\n\n\n\n<ul><li>realiz\u00e1cie po\u010dinov a aktiv\u00edt v oblasti nehmotn\u00e9ho prejavu \u017eivota v obci, kedy sa pou\u017eili in\u0161pirat\u00edvne met\u00f3dy a sp\u00f4soby v komunitnej pr\u00e1ci s r\u00f4znymi skupinami akt\u00e9rov, smerovan\u00e9 k o\u017eiveniu \u017eivota na dedine a zachovaniu miestnej tradi\u010dnej kult\u00fary a hist\u00f3rie a jej pov\u00fd\u0161eniu na s\u00fa\u010dasn\u00e9 po\u017eiadavky doby<\/li><\/ul>\n\n\n\n<p>Krit\u00e9ri\u00e1 pre zaradenie do Zoznamu pr\u00edkladov dobrej praxe:<\/p>\n\n\n\n<ul><li>dotv\u00e1ra obraz alebo \u0161pecifikum dediny, kult\u00farna alebo historick\u00e1 miestna kontinuita<\/li><li>estetick\u00e1 hodnota a funk\u010dnos\u0165&nbsp;<\/li><li>udr\u017eate\u013enos\u0165 a aplikovate\u013enos\u0165<\/li><li>previazanos\u0165 na in\u00e9 projekty, aktivity a \u017eivot v dedine<\/li><\/ul>\n\n\n\n<p><strong>Vyhlasovate\u013e a organiz\u00e1tor<\/strong>: Spolok pre obnovu dediny, ob\u010dianske zdru\u017eenie<\/p>\n\n\n\n<p><strong>Partneri<\/strong>: Zdu\u017eenie miest a obc\u00ed Slovenska, samospr\u00e1vne kraje, subjekty z akademickej obce,<\/p>\n\n\n\n<p><strong>Cena<\/strong>: Lipa pre dedinu a vecn\u00fd dar od v\u00fdtvarn\u00edka \u2013 pre vybran\u00e9 2-3 najin\u0161pirat\u00edvnej\u0161ie n\u00e1vrhy<\/p>\n\n\n\n<p><strong>Vecn\u00fd a \u010dasov\u00fd harmonogram<\/strong>:<\/p>\n\n\n\n<ul><li>uz\u00e1vierka prihlasovania   <strong>10.10.2025<\/strong><\/li><li>hodnotenie a odpor\u00fa\u010danie na nomin\u00e1cie   <strong>10.11.2025<\/strong><\/li><\/ul>\n\n\n\n<p>(zostaven\u00e1 komisia vr\u00e1tane z\u00e1stupcov partnerov)<\/p>\n\n\n\n<ul><li>v\u00fdber nomin\u00e1ci\u00ed a ocenen\u00fdch (zostaven\u00e1 komisia)   <strong>05.12.2025<\/strong><\/li><li>sl\u00e1vnos\u0165 ocenenia (spojen\u00e1 s 25.v\u00fdro\u010d\u00edm SPOD)   do <strong>28.02.2026<\/strong><\/li><\/ul>\n\n\n\n<p>N\u00e1vrhy na ocenenie a zaradenie do Zoznamu pr\u00edkladov dobrej praxe obnovy dediny zasiela\u0165 do 10.10.2025 vyplnen\u00fdm predp\u00edsan\u00fdm formul\u00e1rom e-mailom na <a href=\"mailto:spod@spolokpreobnovudediny.sk\">spod@spolokpreobnovudediny.sk<\/a> alebo po\u0161tou na adresu:&nbsp; SPOD, 99142 Hru\u0161ov 526 .<\/p>\n\n\n\n<p>Bli\u017e\u0161ie inform\u00e1cie na web str\u00e1nke spolku: <a href=\"http:\/\/www.spolokpreobnovudediny.sk\">www.spolokpreobnovudediny.sk<\/a><\/p>\n\n\n\n<p><\/p>\n\n\n\n<p><\/p>\n\n\n\n<p><strong>Formul\u00e1r:<\/strong><\/p>\n\n\n\n<p><\/p>\n\n\n\n<div class=\"wp-block-file\"><a href=\"https:\/\/spolokpreobnovudediny.sk\/wp-content\/uploads\/2025\/08\/Ocenenie_formular-1.docx\">Ocenenie_formular<\/a><a href=\"https:\/\/spolokpreobnovudediny.sk\/wp-content\/uploads\/2025\/08\/Ocenenie_formular-1.docx\" class=\"wp-block-file__button\" download>Stiahnu\u0165<\/a><\/div>\n","protected":false},"excerpt":{"rendered":"<p>Spolok pre obnovu dediny pripravuje pre najin\u0161pirat\u00edvnej\u0161ie pr\u00edklady dobrej praxe v obnove s\u00fa\u010dasnej slovenskej dediny Ocenenie \u201eTv\u00e1r a du\u0161a dediny 2025\u201c Spolok pre obnovu dediny je celoslovensk\u00e9 neziskov\u00e9 ob\u010dianske zdru\u017eenie, ktor\u00e9ho hlavn\u00fdm poslan\u00edm je zachovanie tv\u00e1re a du\u0161e dediny a<\/p>\n","protected":false},"author":1,"featured_media":0,"parent":0,"menu_order":0,"comment_status":"closed","ping_status":"closed","template":"","meta":{"_mi_skip_tracking":false},"_links":{"self":[{"href":"https:\/\/spolokpreobnovudediny.sk\/index.php?rest_route=\/wp\/v2\/pages\/158"}],"collection":[{"href":"https:\/\/spolokpreobnovudediny.sk\/index.php?rest_route=\/wp\/v2\/pages"}],"about":[{"href":"https:\/\/spolokpreobnovudediny.sk\/index.php?rest_route=\/wp\/v2\/types\/page"}],"author":[{"embeddable":true,"href":"https:\/\/spolokpreobnovudediny.sk\/index.php?rest_route=\/wp\/v2\/users\/1"}],"replies":[{"embeddable":true,"href":"https:\/\/spolokpreobnovudediny.sk\/index.php?rest_route=%2Fwp%2Fv2%2Fcomments&post=158"}],"version-history":[{"count":6,"href":"https:\/\/spolokpreobnovudediny.sk\/index.php?rest_route=\/wp\/v2\/pages\/158\/revisions"}],"predecessor-version":[{"id":297,"href":"https:\/\/spolokpreobnovudediny.sk\/index.php?rest_route=\/wp\/v2\/pages\/158\/revisions\/297"}],"wp:attachment":[{"href":"https:\/\/spolokpreobnovudediny.sk\/index.php?rest_route=%2Fwp%2Fv2%2Fmedia&parent=158"}],"curies":[{"name":"wp","href":"https:\/\/api.w.org\/{rel}","templated":true}]}}