{"id":173,"date":"2023-01-05T21:56:50","date_gmt":"2023-01-05T20:56:50","guid":{"rendered":"http:\/\/d.r5.wbsprt.com\/spolokpreobnovudediny.sk\/?page_id=173"},"modified":"2023-01-15T17:06:14","modified_gmt":"2023-01-15T16:06:14","slug":"detska-vytvarna-sutaz","status":"publish","type":"page","link":"https:\/\/spolokpreobnovudediny.sk\/?page_id=173","title":{"rendered":"DETSK\u00c1 V\u00ddTVARN\u00c1 S\u00da\u0164A\u017d"},"content":{"rendered":"\n<p class=\"has-text-align-center has-vivid-red-color has-text-color\"><strong>Moja dedina, ako ju vid\u00edm ja&#8230; <\/strong><\/p>\n\n\n\n<div class=\"wp-block-image\"><figure class=\"aligncenter size-medium is-resized\"><img loading=\"lazy\" src=\"http:\/\/d.r5.wbsprt.com\/spolokpreobnovudediny.sk\/wp-content\/uploads\/2023\/01\/Dizajn-bez-nazvu-300x169.png\" alt=\"\" class=\"wp-image-230\" width=\"441\" height=\"248\" srcset=\"https:\/\/spolokpreobnovudediny.sk\/wp-content\/uploads\/2023\/01\/Dizajn-bez-nazvu-300x169.png 300w, https:\/\/spolokpreobnovudediny.sk\/wp-content\/uploads\/2023\/01\/Dizajn-bez-nazvu-1024x576.png 1024w, https:\/\/spolokpreobnovudediny.sk\/wp-content\/uploads\/2023\/01\/Dizajn-bez-nazvu-768x432.png 768w, https:\/\/spolokpreobnovudediny.sk\/wp-content\/uploads\/2023\/01\/Dizajn-bez-nazvu-1536x864.png 1536w, https:\/\/spolokpreobnovudediny.sk\/wp-content\/uploads\/2023\/01\/Dizajn-bez-nazvu.png 1920w\" sizes=\"(max-width: 441px) 100vw, 441px\" \/><\/figure><\/div>\n\n\n\n<div class=\"wp-block-image\"><figure class=\"aligncenter size-large\"><img loading=\"lazy\" width=\"724\" height=\"1024\" src=\"http:\/\/d.r5.wbsprt.com\/spolokpreobnovudediny.sk\/wp-content\/uploads\/2023\/01\/1.jpg-MD-724x1024.jpg\" alt=\"\" class=\"wp-image-175\" srcset=\"https:\/\/spolokpreobnovudediny.sk\/wp-content\/uploads\/2023\/01\/1.jpg-MD-724x1024.jpg 724w, https:\/\/spolokpreobnovudediny.sk\/wp-content\/uploads\/2023\/01\/1.jpg-MD-212x300.jpg 212w, https:\/\/spolokpreobnovudediny.sk\/wp-content\/uploads\/2023\/01\/1.jpg-MD-768x1086.jpg 768w, https:\/\/spolokpreobnovudediny.sk\/wp-content\/uploads\/2023\/01\/1.jpg-MD-1087x1536.jpg 1087w, https:\/\/spolokpreobnovudediny.sk\/wp-content\/uploads\/2023\/01\/1.jpg-MD-1449x2048.jpg 1449w, https:\/\/spolokpreobnovudediny.sk\/wp-content\/uploads\/2023\/01\/1.jpg-MD.jpg 1654w\" sizes=\"(max-width: 724px) 100vw, 724px\" \/><\/figure><\/div>\n\n\n\n<div class=\"wp-block-image\"><figure class=\"aligncenter size-large\"><img loading=\"lazy\" width=\"724\" height=\"1024\" src=\"http:\/\/d.r5.wbsprt.com\/spolokpreobnovudediny.sk\/wp-content\/uploads\/2023\/01\/2.jpg-MD-724x1024.jpg\" alt=\"\" class=\"wp-image-177\" srcset=\"https:\/\/spolokpreobnovudediny.sk\/wp-content\/uploads\/2023\/01\/2.jpg-MD-724x1024.jpg 724w, https:\/\/spolokpreobnovudediny.sk\/wp-content\/uploads\/2023\/01\/2.jpg-MD-212x300.jpg 212w, https:\/\/spolokpreobnovudediny.sk\/wp-content\/uploads\/2023\/01\/2.jpg-MD-768x1086.jpg 768w, https:\/\/spolokpreobnovudediny.sk\/wp-content\/uploads\/2023\/01\/2.jpg-MD-1087x1536.jpg 1087w, https:\/\/spolokpreobnovudediny.sk\/wp-content\/uploads\/2023\/01\/2.jpg-MD-1449x2048.jpg 1449w, https:\/\/spolokpreobnovudediny.sk\/wp-content\/uploads\/2023\/01\/2.jpg-MD.jpg 1654w\" sizes=\"(max-width: 724px) 100vw, 724px\" \/><\/figure><\/div>\n\n\n\n<figure class=\"wp-block-gallery columns-0 is-cropped\"><ul class=\"blocks-gallery-grid\"><\/ul><\/figure>\n","protected":false},"excerpt":{"rendered":"<p>Moja dedina, ako ju vid\u00edm ja&#8230;<\/p>\n","protected":false},"author":1,"featured_media":0,"parent":0,"menu_order":0,"comment_status":"closed","ping_status":"closed","template":"","meta":{"_mi_skip_tracking":false},"_links":{"self":[{"href":"https:\/\/spolokpreobnovudediny.sk\/index.php?rest_route=\/wp\/v2\/pages\/173"}],"collection":[{"href":"https:\/\/spolokpreobnovudediny.sk\/index.php?rest_route=\/wp\/v2\/pages"}],"about":[{"href":"https:\/\/spolokpreobnovudediny.sk\/index.php?rest_route=\/wp\/v2\/types\/page"}],"author":[{"embeddable":true,"href":"https:\/\/spolokpreobnovudediny.sk\/index.php?rest_route=\/wp\/v2\/users\/1"}],"replies":[{"embeddable":true,"href":"https:\/\/spolokpreobnovudediny.sk\/index.php?rest_route=%2Fwp%2Fv2%2Fcomments&post=173"}],"version-history":[{"count":4,"href":"https:\/\/spolokpreobnovudediny.sk\/index.php?rest_route=\/wp\/v2\/pages\/173\/revisions"}],"predecessor-version":[{"id":232,"href":"https:\/\/spolokpreobnovudediny.sk\/index.php?rest_route=\/wp\/v2\/pages\/173\/revisions\/232"}],"wp:attachment":[{"href":"https:\/\/spolokpreobnovudediny.sk\/index.php?rest_route=%2Fwp%2Fv2%2Fmedia&parent=173"}],"curies":[{"name":"wp","href":"https:\/\/api.w.org\/{rel}","templated":true}]}}