{"id":18,"date":"2022-12-22T18:34:53","date_gmt":"2022-12-22T17:34:53","guid":{"rendered":"http:\/\/spolokpreobnovudediny.sk\/?page_id=18"},"modified":"2022-12-22T23:03:50","modified_gmt":"2022-12-22T22:03:50","slug":"zo-zivota","status":"publish","type":"page","link":"https:\/\/spolokpreobnovudediny.sk\/?page_id=18","title":{"rendered":"ZO \u017dIVOTA"},"content":{"rendered":"\n<div class=\"wp-block-image\"><figure class=\"aligncenter size-medium is-resized\"><img loading=\"lazy\" src=\"http:\/\/spolokpreobnovudediny.sk\/wp-content\/uploads\/2022\/12\/Kluby-SPOD-1-300x169.jpg\" alt=\"\" class=\"wp-image-141\" width=\"532\" height=\"300\" srcset=\"https:\/\/spolokpreobnovudediny.sk\/wp-content\/uploads\/2022\/12\/Kluby-SPOD-1-300x169.jpg 300w, https:\/\/spolokpreobnovudediny.sk\/wp-content\/uploads\/2022\/12\/Kluby-SPOD-1-1024x576.jpg 1024w, https:\/\/spolokpreobnovudediny.sk\/wp-content\/uploads\/2022\/12\/Kluby-SPOD-1-768x432.jpg 768w, https:\/\/spolokpreobnovudediny.sk\/wp-content\/uploads\/2022\/12\/Kluby-SPOD-1-1536x864.jpg 1536w, https:\/\/spolokpreobnovudediny.sk\/wp-content\/uploads\/2022\/12\/Kluby-SPOD-1.jpg 1920w\" sizes=\"(max-width: 532px) 100vw, 532px\" \/><figcaption><a rel=\"noreferrer noopener\" href=\"index_files\/SutazDedina2021.docx\" target=\"_blank\"><strong>S\u00fa\u0165a\u017e o\u00a0titul DEDINA ROKA \u00a0&#8211; rok 2021<\/strong><\/a>\u00a0<\/figcaption><\/figure><\/div>\n\n\n\n<div class=\"wp-block-image\"><figure class=\"aligncenter size-full is-resized\"><img loading=\"lazy\" src=\"http:\/\/spolokpreobnovudediny.sk\/wp-content\/uploads\/2022\/12\/TabulVUC.jpg\" alt=\"\" class=\"wp-image-144\" width=\"419\" height=\"559\" srcset=\"https:\/\/spolokpreobnovudediny.sk\/wp-content\/uploads\/2022\/12\/TabulVUC.jpg 300w, https:\/\/spolokpreobnovudediny.sk\/wp-content\/uploads\/2022\/12\/TabulVUC-225x300.jpg 225w\" sizes=\"(max-width: 419px) 100vw, 419px\" \/><\/figure><\/div>\n\n\n\n<div class=\"wp-block-image\"><figure class=\"aligncenter size-full is-resized\"><img loading=\"lazy\" src=\"http:\/\/spolokpreobnovudediny.sk\/wp-content\/uploads\/2022\/12\/ziadostBBSK2022.jpg\" alt=\"\" class=\"wp-image-145\" width=\"440\" height=\"540\" srcset=\"https:\/\/spolokpreobnovudediny.sk\/wp-content\/uploads\/2022\/12\/ziadostBBSK2022.jpg 300w, https:\/\/spolokpreobnovudediny.sk\/wp-content\/uploads\/2022\/12\/ziadostBBSK2022-245x300.jpg 245w\" sizes=\"(max-width: 440px) 100vw, 440px\" \/><\/figure><\/div>\n\n\n\n<div class=\"wp-block-image\"><figure class=\"aligncenter size-full is-resized\"><img loading=\"lazy\" src=\"http:\/\/spolokpreobnovudediny.sk\/wp-content\/uploads\/2022\/12\/vyz12.jpg\" alt=\"\" class=\"wp-image-146\" width=\"426\" height=\"609\" srcset=\"https:\/\/spolokpreobnovudediny.sk\/wp-content\/uploads\/2022\/12\/vyz12.jpg 300w, https:\/\/spolokpreobnovudediny.sk\/wp-content\/uploads\/2022\/12\/vyz12-210x300.jpg 210w\" sizes=\"(max-width: 426px) 100vw, 426px\" \/><\/figure><\/div>\n\n\n\n<div class=\"wp-block-image\"><figure class=\"aligncenter size-full is-resized\"><img loading=\"lazy\" src=\"http:\/\/spolokpreobnovudediny.sk\/wp-content\/uploads\/2022\/12\/VypisUzneseniaOZ.jpg\" alt=\"\" class=\"wp-image-147\" width=\"442\" height=\"663\" srcset=\"https:\/\/spolokpreobnovudediny.sk\/wp-content\/uploads\/2022\/12\/VypisUzneseniaOZ.jpg 300w, https:\/\/spolokpreobnovudediny.sk\/wp-content\/uploads\/2022\/12\/VypisUzneseniaOZ-200x300.jpg 200w\" sizes=\"(max-width: 442px) 100vw, 442px\" \/><\/figure><\/div>\n","protected":false},"excerpt":{"rendered":"","protected":false},"author":1,"featured_media":0,"parent":0,"menu_order":0,"comment_status":"closed","ping_status":"closed","template":"","meta":{"_mi_skip_tracking":false},"_links":{"self":[{"href":"https:\/\/spolokpreobnovudediny.sk\/index.php?rest_route=\/wp\/v2\/pages\/18"}],"collection":[{"href":"https:\/\/spolokpreobnovudediny.sk\/index.php?rest_route=\/wp\/v2\/pages"}],"about":[{"href":"https:\/\/spolokpreobnovudediny.sk\/index.php?rest_route=\/wp\/v2\/types\/page"}],"author":[{"embeddable":true,"href":"https:\/\/spolokpreobnovudediny.sk\/index.php?rest_route=\/wp\/v2\/users\/1"}],"replies":[{"embeddable":true,"href":"https:\/\/spolokpreobnovudediny.sk\/index.php?rest_route=%2Fwp%2Fv2%2Fcomments&post=18"}],"version-history":[{"count":3,"href":"https:\/\/spolokpreobnovudediny.sk\/index.php?rest_route=\/wp\/v2\/pages\/18\/revisions"}],"predecessor-version":[{"id":148,"href":"https:\/\/spolokpreobnovudediny.sk\/index.php?rest_route=\/wp\/v2\/pages\/18\/revisions\/148"}],"wp:attachment":[{"href":"https:\/\/spolokpreobnovudediny.sk\/index.php?rest_route=%2Fwp%2Fv2%2Fmedia&parent=18"}],"curies":[{"name":"wp","href":"https:\/\/api.w.org\/{rel}","templated":true}]}}